{"id":4597,"date":"2018-06-21T20:56:40","date_gmt":"2018-06-21T20:56:40","guid":{"rendered":"https:\/\/villadeleyvahotelcr.com\/?page_id=4597"},"modified":"2020-10-30T03:37:49","modified_gmt":"2020-10-30T03:37:49","slug":"proteccion-de-datos","status":"publish","type":"page","link":"https:\/\/www.villadeleyvahotelcr.com\/en\/proteccion-de-datos\/","title":{"rendered":"Data protection"},"content":{"rendered":"<p class=\"Standard\" style=\"text-align: justify;\">El HOTEL CASA REAL VILLA DE LEYVA da a conocer a todos los usuarios de su p\u00e1gina web que al ingresar a este portal manifiestan conocer y aceptar las pol\u00edticas de uso del mismo y se comprometen a utilizarlo dando cumplimiento a la legislaci\u00f3n vigente y a no utilizar la informaci\u00f3n aqu\u00ed contenida para fines il\u00edcitos o que afecten directa o indirectamente al hotel o a sus clientes.<\/p>\n<p class=\"Standard\" style=\"text-align: left;\">La informaci\u00f3n aqu\u00ed presentada es de uso institucional e informativo. Ha sido publicada con el fin de dar a conocer a los usuarios promociones, mapa de ubicaci\u00f3n, acceso a las redes sociales, pol\u00edticas de estad\u00eda y dem\u00e1s productos y servicios que el HOTEL CASA REAL VILLA DE LEYVA pone a su disposici\u00f3n a trav\u00e9s de Internet.<\/p>\n<p class=\"Standard\" style=\"text-align: justify;\">El HOTEL CASA REAL VILLA DE LEYVA proh\u00edbe la reproducci\u00f3n, copia, distribuci\u00f3n, difusi\u00f3n y\/ o modificaci\u00f3n de los contenidos de la p\u00e1gina (textos, fotograf\u00edas, videos, im\u00e1genes, marcas, lemas, logotipos y \/o dise\u00f1os) y dem\u00e1s elementos integradores de este sitio web sin previa autorizaci\u00f3n.<\/p>\n<p class=\"Standard\" style=\"text-align: justify;\">El HOTEL CASA REAL VILLA DE LEYVA no se hace responsable de la disponibilidad o continuidad de los servicios puestos a disposici\u00f3n por medio del portal, tampoco de la informaci\u00f3n all\u00ed no contemplada.<\/p>\n<p class=\"Standard\" style=\"text-align: justify;\">Todos los usuarios que suministren informaci\u00f3n en el portal manifiestan conocer y aceptar las Pol\u00edticas de Privacidad del HOTEL CASA REAL VILLA DE LEYVA (Las puede encontrar en el siguiente link: <a href=\"https:\/\/www.villadeleyvahotelcr.com\/en\/politicas-de-privacidad\/\">http:\/\/www.villadeleyvahotelcr.com\/politicas-de-privacidad\/<\/a><\/p>\n<p class=\"Standard\" style=\"text-align: justify;\">Las condiciones de acceso y uso aqu\u00ed establecidas y los conflictos que puedan surgir respecto de su interpretaci\u00f3n, uso, alcance y terminaci\u00f3n se rigen seg\u00fan la ley colombiana y en particular por las normas especiales que sobre la materia puedan ser aplicables y ser\u00e1n sometidas a la jurisdicci\u00f3n de los jueces colombianos.<\/p>\n<p style=\"text-align: justify;\">En caso de alguna pregunta, sugerencia o comentario respecto de la informaci\u00f3n aqu\u00ed presentada o de advertir la existencia de alg\u00fan error, insuficiencia o falta de claridad, ponemos a disposici\u00f3n el correo <span id=\"cloak78242\"><a href=\"mailto:recepcion@villadeleyvahotelcr.com\" target=\"_blank\" rel=\"noopener\">recepcion@villadeleyvahotelcr.com<\/a><\/span><\/p>","protected":false},"excerpt":{"rendered":"<p>El HOTEL CASA REAL VILLA DE LEYVA da a conocer a todos los usuarios de su p\u00e1gina web que al ingresar a este portal manifiestan conocer y aceptar las pol\u00edticas de uso del mismo y se comprometen a utilizarlo dando cumplimiento a la legislaci\u00f3n vigente y a no utilizar la informaci\u00f3n aqu\u00ed contenida para fines&#8230; <\/p>\n<div class=\"clear\"><\/div>\n<p><a href=\"https:\/\/www.villadeleyvahotelcr.com\/en\/proteccion-de-datos\/\" class=\"excerpt-read-more\">Continue Reading<i class=\"fa fa-long-arrow-right icon-long-arrow-right\"><\/i><\/a><\/p>","protected":false},"author":1,"featured_media":0,"parent":0,"menu_order":0,"comment_status":"closed","ping_status":"closed","template":"","meta":{"jetpack_post_was_ever_published":false,"footnotes":""},"class_list":["post-4597","page","type-page","status-publish","hentry"],"jetpack_sharing_enabled":true,"jetpack_shortlink":"https:\/\/wp.me\/PatCCA-1c9","_links":{"self":[{"href":"https:\/\/www.villadeleyvahotelcr.com\/en\/wp-json\/wp\/v2\/pages\/4597","targetHints":{"allow":["GET"]}}],"collection":[{"href":"https:\/\/www.villadeleyvahotelcr.com\/en\/wp-json\/wp\/v2\/pages"}],"about":[{"href":"https:\/\/www.villadeleyvahotelcr.com\/en\/wp-json\/wp\/v2\/types\/page"}],"author":[{"embeddable":true,"href":"https:\/\/www.villadeleyvahotelcr.com\/en\/wp-json\/wp\/v2\/users\/1"}],"replies":[{"embeddable":true,"href":"https:\/\/www.villadeleyvahotelcr.com\/en\/wp-json\/wp\/v2\/comments?post=4597"}],"version-history":[{"count":1,"href":"https:\/\/www.villadeleyvahotelcr.com\/en\/wp-json\/wp\/v2\/pages\/4597\/revisions"}],"predecessor-version":[{"id":4888,"href":"https:\/\/www.villadeleyvahotelcr.com\/en\/wp-json\/wp\/v2\/pages\/4597\/revisions\/4888"}],"wp:attachment":[{"href":"https:\/\/www.villadeleyvahotelcr.com\/en\/wp-json\/wp\/v2\/media?parent=4597"}],"curies":[{"name":"wp","href":"https:\/\/api.w.org\/{rel}","templated":true}]}}